{"id":811,"date":"2025-04-11T10:40:27","date_gmt":"2025-04-11T08:40:27","guid":{"rendered":"https:\/\/reybericos.no\/?page_id=811"},"modified":"2025-04-11T10:50:37","modified_gmt":"2025-04-11T08:50:37","slug":"cookie-policy","status":"publish","type":"page","link":"https:\/\/reybericos.no\/nb\/cookie-policy\/","title":{"rendered":"Retningslinjer for informasjonskapsler"},"content":{"rendered":"<style>\n    a.cky-banner-element {\n        padding: 8px 30px;\n        background: #F8F9FA;\n        color: #858A8F;\n        border: 1px solid #DEE2E6;\n        box-sizing: border-box;\n        border-radius: 2px;\n        cursor: pointer;\n}\n<\/style>\n\n<p>\n    Ikrafttredelsesdato: 11. april 2025 <br>\n    Siste oppdatering: 11. april 2025\n<\/p>\n\n&nbsp;\n<h5>Hva er informasjonskapsler?<\/h5>\n<div class=\"cookie-policy-p\"><p>Denne informasjonskapselpolitikken forklarer hva informasjonskapsler er og hvordan vi bruker dem, hvilke typer informasjonskapsler vi bruker, det vil si hvilken informasjon vi samler inn ved hjelp av informasjonskapsler og hvordan denne informasjonen brukes, samt hvordan du kan administrere innstillingene for informasjonskapsler.<\/p> <p>Las cookies son peque\u00f1os archivos de texto que se utilizan para almacenar peque\u00f1as piezas de informaci\u00f3n. Se almacenan en su dispositivo cuando el sitio web se carga en su navegador. Estas cookies nos ayudan a que el sitio web funcione correctamente, a que sea m\u00e1s seguro, a ofrecer una mejor experiencia al usuario y a comprender c\u00f3mo funciona el sitio web y analizar qu\u00e9 funciona y qu\u00e9 aspectos deben mejorarse.<\/p><\/div>\n\n&nbsp;\n<h5>Hvordan bruker vi informasjonskapsler?<\/h5>\n<div class=\"cookie-policy-p\"><p>Som de fleste nettbaserte tjenester bruker nettstedet v\u00e5rt egne og tredjeparts informasjonskapsler til ulike form\u00e5l. Egenproduserte informasjonskapsler er for det meste n\u00f8dvendige for at nettstedet skal fungere riktig, og de samler ikke inn noen personopplysninger.<\/p> <p>Tredjeparts informasjonskapsler som brukes p\u00e5 nettstedet v\u00e5rt, tjener hovedsakelig til \u00e5 forst\u00e5 hvordan nettstedet fungerer, hvordan du samhandler med nettstedet v\u00e5rt, holde tjenestene v\u00e5re sikre, vise annonser som er relevante for deg og, til syvende og sist, gi deg en bedre og raskere brukeropplevelse og hjelpe deg med \u00e5 effektivisere fremtidige samhandlinger med nettstedet v\u00e5rt.<\/p><\/div>\n\n&nbsp;\n    <h5>Typer informasjonskapsler vi bruker<\/h5>\n\n    <div class=\"cky-audit-table-element\"><\/div>\n\n&nbsp;\n    <h5 style=\"margin-bottom:20px;\">Administrer innstillinger for informasjonskapsler<\/h5>\n\n    <a class=\"cky-banner-element\">Innstillinger for informasjonskapsler<\/a> <br\/>\n\n    <div><p>Du kan n\u00e5r som helst endre dine innstillinger for informasjonskapsler ved \u00e5 klikke p\u00e5 knappen ovenfor. Dette gir deg mulighet til \u00e5 g\u00e5 tilbake til samtykkebanneret for informasjonskapsler og endre dine innstillinger eller trekke tilbake ditt samtykke umiddelbart.<\/p> <p>I tillegg tilbyr ulike nettlesere forskjellige metoder for \u00e5 blokkere og slette informasjonskapsler som brukes av nettsteder. Du kan endre innstillingene i nettleseren din for \u00e5 blokkere\/slette informasjonskapsler. Nedenfor finner du lenker til hjelpedokumenter om hvordan du administrerer og sletter informasjonskapsler i de viktigste nettleserne.<\/p> <p>Chrome: <a target=\"_blank\" href=\"https:\/\/support.google.com\/accounts\/answer\/32050\">https:\/\/support.google.com\/accounts\/answer\/32050<\/a><\/p><p>Safari: <a target=\"_blank\" href=\"https:\/\/support.apple.com\/en-in\/guide\/safari\/sfri11471\/mac\">https:\/\/support.apple.com\/en-in\/guide\/safari\/sfri11471\/mac<\/a><\/p><p>Firefox: <a target=\"_blank\" href=\"https:\/\/support.mozilla.org\/en-US\/kb\/clear-cookies-and-site-data-firefox?redirectslug=delete-cookies-remove-info-websites-stored&#038;redirectlocale=en-US\">https:\/\/support.mozilla.org\/en-US\/kb\/clear-cookies-and-site-data-firefox?redirectslug=delete-cookies-remove-info-websites-stored&#038;redirectlocale=en-US<\/a><\/p><p>Internet Explorer: <a target=\"_blank\" href=\"https:\/\/support.microsoft.com\/en-us\/topic\/how-to-delete-cookie-files-in-internet-explorer-bca9446f-d873-78de-77ba-d42645fa52fc\">https:\/\/support.microsoft.com\/en-us\/topic\/how-to-delete-cookie-files-in-internet-explorer-bca9446f-d873-78de-77ba-d42645fa52fc<\/a><\/p><p>Hvis du bruker en annen nettleser, kan du se den offisielle dokumentasjonen for nettleseren din.<\/p><\/div>","protected":false},"excerpt":{"rendered":"<p>Fecha de entrada en vigor: 11-Abril-2025 \u00daltima actualizaci\u00f3n: 11-Abril-2025 &nbsp; \u00bfQu\u00e9 son cookies? Esta Pol\u00edtica de Cookies explica qu\u00e9 son las cookies y c\u00f3mo las utilizamos, los tipos de cookies&#8230;<\/p>","protected":false},"author":1,"featured_media":0,"parent":0,"menu_order":0,"comment_status":"closed","ping_status":"closed","template":"","meta":{"_acf_changed":false,"_kad_blocks_custom_css":"","_kad_blocks_head_custom_js":"","_kad_blocks_body_custom_js":"","_kad_blocks_footer_custom_js":"","_kadence_starter_templates_imported_post":false,"_kad_post_transparent":"","_kad_post_title":"","_kad_post_layout":"","_kad_post_sidebar_id":"","_kad_post_content_style":"","_kad_post_vertical_padding":"","_kad_post_feature":"","_kad_post_feature_position":"","_kad_post_header":false,"_kad_post_footer":false,"_kad_post_classname":"","footnotes":""},"class_list":["post-811","page","type-page","status-publish","hentry"],"acf":[],"taxonomy_info":[],"featured_image_src_large":false,"author_info":{"display_name":"Reybericos","author_link":"https:\/\/reybericos.no\/nb\/author\/22a33b22a33b\/"},"comment_info":0,"_links":{"self":[{"href":"https:\/\/reybericos.no\/nb\/wp-json\/wp\/v2\/pages\/811","targetHints":{"allow":["GET"]}}],"collection":[{"href":"https:\/\/reybericos.no\/nb\/wp-json\/wp\/v2\/pages"}],"about":[{"href":"https:\/\/reybericos.no\/nb\/wp-json\/wp\/v2\/types\/page"}],"author":[{"embeddable":true,"href":"https:\/\/reybericos.no\/nb\/wp-json\/wp\/v2\/users\/1"}],"replies":[{"embeddable":true,"href":"https:\/\/reybericos.no\/nb\/wp-json\/wp\/v2\/comments?post=811"}],"version-history":[{"count":3,"href":"https:\/\/reybericos.no\/nb\/wp-json\/wp\/v2\/pages\/811\/revisions"}],"predecessor-version":[{"id":815,"href":"https:\/\/reybericos.no\/nb\/wp-json\/wp\/v2\/pages\/811\/revisions\/815"}],"wp:attachment":[{"href":"https:\/\/reybericos.no\/nb\/wp-json\/wp\/v2\/media?parent=811"}],"curies":[{"name":"wp","href":"https:\/\/api.w.org\/{rel}","templated":true}]}}